{"id":6954,"date":"2026-02-11T22:09:45","date_gmt":"2026-02-12T01:09:45","guid":{"rendered":"https:\/\/motorista.com.br\/noticias\/?page_id=6954"},"modified":"2026-02-11T22:10:17","modified_gmt":"2026-02-12T01:10:17","slug":"isencao-de-responsabilidade-disclaimer","status":"publish","type":"page","link":"https:\/\/motorista.com.br\/noticias\/isencao-de-responsabilidade-disclaimer\/","title":{"rendered":"Isen\u00e7\u00e3o de Responsabilidade (Disclaimer)"},"content":{"rendered":"\n<p id=\"p-c_6e881a9de37f4cca_64d93e8a-b421-4f1b-9e4c-123456789abc-248\"><strong>Precis\u00e3o das Informa\u00e7\u00f5es:<\/strong>&nbsp;Os materiais no Motorista.com.br s\u00e3o fornecidos &#8220;como est\u00e3o&#8221;. N\u00e3o oferecemos garantias de que o conte\u00fado (como tabelas de frete ou an\u00e1lises tribut\u00e1rias) seja isento de erros ou esteja permanentemente atualizado.<sup><\/sup>&nbsp;O conte\u00fado \u00e9 puramente informativo e n\u00e3o substitui a consulta a profissionais jur\u00eddicos ou cont\u00e1beis.<sup><\/sup>&nbsp;&nbsp;&nbsp;<\/p>\n\n\n\n<p id=\"p-c_6e881a9de37f4cca_64d93e8a-b421-4f1b-9e4c-123456789abc-255\"><strong>Links de Terceiros:<\/strong>&nbsp;Nosso portal pode conter links para sites externos (anunciantes ou parceiros). O Motorista.com.br n\u00e3o revisa todo o conte\u00fado desses sites e n\u00e3o \u00e9 respons\u00e1vel pelo teor ou pelas pol\u00edticas de privacidade de terceiros. O uso de qualquer site vinculado \u00e9 por conta e risco do usu\u00e1rio.<sup><\/sup>&nbsp;&nbsp;&nbsp;<\/p>\n\n\n\n<p id=\"p-c_6e881a9de37f4cca_64d93e8a-b421-4f1b-9e4c-123456789abc-248\"><strong>Altera\u00e7\u00f5es:<\/strong>&nbsp;O portal pode fazer altera\u00e7\u00f5es nos materiais contidos em seu site a qualquer momento, sem aviso pr\u00e9vio. N\u00e3o nos comprometemos a atualizar os materiais com uma periodicidade fixa.<sup><\/sup>&nbsp;&nbsp;&nbsp;<\/p>\n\n\n\n<p id=\"p-c_6e881a9de37f4cca_64d93e8a-b421-4f1b-9e4c-123456789abc-241\"><\/p>\n","protected":false},"excerpt":{"rendered":"<p>Precis\u00e3o das Informa\u00e7\u00f5es:&nbsp;Os materiais no Motorista.com.br s\u00e3o fornecidos &#8220;como est\u00e3o&#8221;. N\u00e3o oferecemos garantias de que o conte\u00fado (como tabelas de frete ou an\u00e1lises tribut\u00e1rias) seja isento de erros ou esteja permanentemente atualizado.&nbsp;O conte\u00fado \u00e9 puramente informativo e n\u00e3o substitui a consulta a profissionais jur\u00eddicos ou cont\u00e1beis.&nbsp;&nbsp;&nbsp; Links de Terceiros:&nbsp;Nosso portal pode conter links para sites &hellip;<\/p>\n","protected":false},"author":1,"featured_media":0,"parent":0,"menu_order":0,"comment_status":"closed","ping_status":"closed","template":"","meta":{"footnotes":""},"coauthors":[31],"class_list":["post-6954","page","type-page","status-publish","hentry"],"yoast_head":"<!-- This site is optimized with the Yoast SEO Premium plugin v25.5 (Yoast SEO v27.4) - https:\/\/yoast.com\/product\/yoast-seo-premium-wordpress\/ -->\n<title>Isen\u00e7\u00e3o de Responsabilidade (Disclaimer) - Motorista.com.br<\/title>\n<meta name=\"robots\" content=\"index, follow, max-snippet:-1, max-image-preview:large, max-video-preview:-1\" \/>\n<link rel=\"canonical\" href=\"https:\/\/motorista.com.br\/noticias\/isencao-de-responsabilidade-disclaimer\/\" \/>\n<meta property=\"og:locale\" content=\"pt_BR\" \/>\n<meta property=\"og:type\" content=\"article\" \/>\n<meta property=\"og:title\" content=\"Isen\u00e7\u00e3o de Responsabilidade (Disclaimer)\" \/>\n<meta property=\"og:description\" content=\"Precis\u00e3o das Informa\u00e7\u00f5es:&nbsp;Os materiais no Motorista.com.br s\u00e3o fornecidos &#8220;como est\u00e3o&#8221;. N\u00e3o oferecemos garantias de que o conte\u00fado (como tabelas de frete ou an\u00e1lises tribut\u00e1rias) seja isento de erros ou esteja permanentemente atualizado.&nbsp;O conte\u00fado \u00e9 puramente informativo e n\u00e3o substitui a consulta a profissionais jur\u00eddicos ou cont\u00e1beis.&nbsp;&nbsp;&nbsp; Links de Terceiros:&nbsp;Nosso portal pode conter links para sites &hellip;\" \/>\n<meta property=\"og:url\" content=\"https:\/\/motorista.com.br\/noticias\/isencao-de-responsabilidade-disclaimer\/\" \/>\n<meta property=\"og:site_name\" content=\"Motorista.com.br\" \/>\n<meta property=\"article:modified_time\" content=\"2026-02-12T01:10:17+00:00\" \/>\n<meta name=\"twitter:card\" content=\"summary_large_image\" \/>\n<meta name=\"twitter:label1\" content=\"Est. tempo de leitura\" \/>\n\t<meta name=\"twitter:data1\" content=\"1 minuto\" \/>\n\t<meta name=\"twitter:label2\" content=\"Written by\" \/>\n\t<meta name=\"twitter:data2\" content=\"RAFAELBENTOX\" \/>\n<script type=\"application\/ld+json\" class=\"yoast-schema-graph\">{\"@context\":\"https:\\\/\\\/schema.org\",\"@graph\":[{\"@type\":\"WebPage\",\"@id\":\"https:\\\/\\\/motorista.com.br\\\/noticias\\\/isencao-de-responsabilidade-disclaimer\\\/\",\"url\":\"https:\\\/\\\/motorista.com.br\\\/noticias\\\/isencao-de-responsabilidade-disclaimer\\\/\",\"name\":\"Isen\u00e7\u00e3o de Responsabilidade (Disclaimer) - Motorista.com.br\",\"isPartOf\":{\"@id\":\"https:\\\/\\\/motorista.com.br\\\/noticias\\\/#website\"},\"datePublished\":\"2026-02-12T01:09:45+00:00\",\"dateModified\":\"2026-02-12T01:10:17+00:00\",\"breadcrumb\":{\"@id\":\"https:\\\/\\\/motorista.com.br\\\/noticias\\\/isencao-de-responsabilidade-disclaimer\\\/#breadcrumb\"},\"inLanguage\":\"pt-BR\",\"potentialAction\":[{\"@type\":\"ReadAction\",\"target\":[\"https:\\\/\\\/motorista.com.br\\\/noticias\\\/isencao-de-responsabilidade-disclaimer\\\/\"]}]},{\"@type\":\"BreadcrumbList\",\"@id\":\"https:\\\/\\\/motorista.com.br\\\/noticias\\\/isencao-de-responsabilidade-disclaimer\\\/#breadcrumb\",\"itemListElement\":[{\"@type\":\"ListItem\",\"position\":1,\"name\":\"In\u00edcio\",\"item\":\"https:\\\/\\\/motorista.com.br\\\/noticias\\\/\"},{\"@type\":\"ListItem\",\"position\":2,\"name\":\"Isen\u00e7\u00e3o de Responsabilidade (Disclaimer)\"}]},{\"@type\":\"WebSite\",\"@id\":\"https:\\\/\\\/motorista.com.br\\\/noticias\\\/#website\",\"url\":\"https:\\\/\\\/motorista.com.br\\\/noticias\\\/\",\"name\":\"Motorista.com.br\",\"description\":\"Not\u00edcia do Motorista\",\"publisher\":{\"@id\":\"https:\\\/\\\/motorista.com.br\\\/noticias\\\/#organization\"},\"potentialAction\":[{\"@type\":\"SearchAction\",\"target\":{\"@type\":\"EntryPoint\",\"urlTemplate\":\"https:\\\/\\\/motorista.com.br\\\/noticias\\\/?s={search_term_string}\"},\"query-input\":{\"@type\":\"PropertyValueSpecification\",\"valueRequired\":true,\"valueName\":\"search_term_string\"}}],\"inLanguage\":\"pt-BR\"},{\"@type\":\"Organization\",\"@id\":\"https:\\\/\\\/motorista.com.br\\\/noticias\\\/#organization\",\"name\":\"Motorista.com.br\",\"url\":\"https:\\\/\\\/motorista.com.br\\\/noticias\\\/\",\"logo\":{\"@type\":\"ImageObject\",\"inLanguage\":\"pt-BR\",\"@id\":\"https:\\\/\\\/motorista.com.br\\\/noticias\\\/#\\\/schema\\\/logo\\\/image\\\/\",\"url\":\"https:\\\/\\\/motorista.com.br\\\/noticias\\\/wp-content\\\/uploads\\\/2025\\\/06\\\/Design-sem-nome-9.png\",\"contentUrl\":\"https:\\\/\\\/motorista.com.br\\\/noticias\\\/wp-content\\\/uploads\\\/2025\\\/06\\\/Design-sem-nome-9.png\",\"width\":150,\"height\":85,\"caption\":\"Motorista.com.br\"},\"image\":{\"@id\":\"https:\\\/\\\/motorista.com.br\\\/noticias\\\/#\\\/schema\\\/logo\\\/image\\\/\"}}]}<\/script>\n<!-- \/ Yoast SEO Premium plugin. -->","yoast_head_json":{"title":"Isen\u00e7\u00e3o de Responsabilidade (Disclaimer) - Motorista.com.br","robots":{"index":"index","follow":"follow","max-snippet":"max-snippet:-1","max-image-preview":"max-image-preview:large","max-video-preview":"max-video-preview:-1"},"canonical":"https:\/\/motorista.com.br\/noticias\/isencao-de-responsabilidade-disclaimer\/","og_locale":"pt_BR","og_type":"article","og_title":"Isen\u00e7\u00e3o de Responsabilidade (Disclaimer)","og_description":"Precis\u00e3o das Informa\u00e7\u00f5es:&nbsp;Os materiais no Motorista.com.br s\u00e3o fornecidos &#8220;como est\u00e3o&#8221;. N\u00e3o oferecemos garantias de que o conte\u00fado (como tabelas de frete ou an\u00e1lises tribut\u00e1rias) seja isento de erros ou esteja permanentemente atualizado.&nbsp;O conte\u00fado \u00e9 puramente informativo e n\u00e3o substitui a consulta a profissionais jur\u00eddicos ou cont\u00e1beis.&nbsp;&nbsp;&nbsp; Links de Terceiros:&nbsp;Nosso portal pode conter links para sites &hellip;","og_url":"https:\/\/motorista.com.br\/noticias\/isencao-de-responsabilidade-disclaimer\/","og_site_name":"Motorista.com.br","article_modified_time":"2026-02-12T01:10:17+00:00","twitter_card":"summary_large_image","twitter_misc":{"Est. tempo de leitura":"1 minuto","Written by":"RAFAELBENTOX"},"schema":{"@context":"https:\/\/schema.org","@graph":[{"@type":"WebPage","@id":"https:\/\/motorista.com.br\/noticias\/isencao-de-responsabilidade-disclaimer\/","url":"https:\/\/motorista.com.br\/noticias\/isencao-de-responsabilidade-disclaimer\/","name":"Isen\u00e7\u00e3o de Responsabilidade (Disclaimer) - Motorista.com.br","isPartOf":{"@id":"https:\/\/motorista.com.br\/noticias\/#website"},"datePublished":"2026-02-12T01:09:45+00:00","dateModified":"2026-02-12T01:10:17+00:00","breadcrumb":{"@id":"https:\/\/motorista.com.br\/noticias\/isencao-de-responsabilidade-disclaimer\/#breadcrumb"},"inLanguage":"pt-BR","potentialAction":[{"@type":"ReadAction","target":["https:\/\/motorista.com.br\/noticias\/isencao-de-responsabilidade-disclaimer\/"]}]},{"@type":"BreadcrumbList","@id":"https:\/\/motorista.com.br\/noticias\/isencao-de-responsabilidade-disclaimer\/#breadcrumb","itemListElement":[{"@type":"ListItem","position":1,"name":"In\u00edcio","item":"https:\/\/motorista.com.br\/noticias\/"},{"@type":"ListItem","position":2,"name":"Isen\u00e7\u00e3o de Responsabilidade (Disclaimer)"}]},{"@type":"WebSite","@id":"https:\/\/motorista.com.br\/noticias\/#website","url":"https:\/\/motorista.com.br\/noticias\/","name":"Motorista.com.br","description":"Not\u00edcia do Motorista","publisher":{"@id":"https:\/\/motorista.com.br\/noticias\/#organization"},"potentialAction":[{"@type":"SearchAction","target":{"@type":"EntryPoint","urlTemplate":"https:\/\/motorista.com.br\/noticias\/?s={search_term_string}"},"query-input":{"@type":"PropertyValueSpecification","valueRequired":true,"valueName":"search_term_string"}}],"inLanguage":"pt-BR"},{"@type":"Organization","@id":"https:\/\/motorista.com.br\/noticias\/#organization","name":"Motorista.com.br","url":"https:\/\/motorista.com.br\/noticias\/","logo":{"@type":"ImageObject","inLanguage":"pt-BR","@id":"https:\/\/motorista.com.br\/noticias\/#\/schema\/logo\/image\/","url":"https:\/\/motorista.com.br\/noticias\/wp-content\/uploads\/2025\/06\/Design-sem-nome-9.png","contentUrl":"https:\/\/motorista.com.br\/noticias\/wp-content\/uploads\/2025\/06\/Design-sem-nome-9.png","width":150,"height":85,"caption":"Motorista.com.br"},"image":{"@id":"https:\/\/motorista.com.br\/noticias\/#\/schema\/logo\/image\/"}}]}},"_links":{"self":[{"href":"https:\/\/motorista.com.br\/noticias\/wp-json\/wp\/v2\/pages\/6954","targetHints":{"allow":["GET"]}}],"collection":[{"href":"https:\/\/motorista.com.br\/noticias\/wp-json\/wp\/v2\/pages"}],"about":[{"href":"https:\/\/motorista.com.br\/noticias\/wp-json\/wp\/v2\/types\/page"}],"author":[{"embeddable":true,"href":"https:\/\/motorista.com.br\/noticias\/wp-json\/wp\/v2\/users\/1"}],"replies":[{"embeddable":true,"href":"https:\/\/motorista.com.br\/noticias\/wp-json\/wp\/v2\/comments?post=6954"}],"version-history":[{"count":1,"href":"https:\/\/motorista.com.br\/noticias\/wp-json\/wp\/v2\/pages\/6954\/revisions"}],"predecessor-version":[{"id":6955,"href":"https:\/\/motorista.com.br\/noticias\/wp-json\/wp\/v2\/pages\/6954\/revisions\/6955"}],"wp:attachment":[{"href":"https:\/\/motorista.com.br\/noticias\/wp-json\/wp\/v2\/media?parent=6954"}],"wp:term":[{"taxonomy":"author","embeddable":true,"href":"https:\/\/motorista.com.br\/noticias\/wp-json\/wp\/v2\/coauthors?post=6954"}],"curies":[{"name":"wp","href":"https:\/\/api.w.org\/{rel}","templated":true}]}}