{"id":6950,"date":"2026-02-11T22:04:50","date_gmt":"2026-02-12T01:04:50","guid":{"rendered":"https:\/\/motorista.com.br\/noticias\/?page_id=6950"},"modified":"2026-02-11T22:04:52","modified_gmt":"2026-02-12T01:04:52","slug":"termos-de-uso","status":"publish","type":"page","link":"https:\/\/motorista.com.br\/noticias\/termos-de-uso\/","title":{"rendered":"Termos de Uso"},"content":{"rendered":"\n<p id=\"p-c_6e881a9de37f4cca_64d93e8a-b421-4f1b-9e4c-123456789abc-242\"><strong>1. Aceita\u00e7\u00e3o dos Termos:<\/strong>&nbsp;Ao acessar o Motorista.com.br, o usu\u00e1rio concorda em cumprir estes termos de servi\u00e7o e todas as leis aplic\u00e1veis, incluindo o Marco Civil da Internet (Lei n\u00ba 12.965\/2014).<sup><\/sup>&nbsp;&nbsp;&nbsp;<\/p>\n\n\n\n<p id=\"p-c_6e881a9de37f4cca_64d93e8a-b421-4f1b-9e4c-123456789abc-243\"><strong>2. Licen\u00e7a de Uso:<\/strong>&nbsp;\u00c9 concedida permiss\u00e3o para baixar temporariamente uma c\u00f3pia dos materiais (informa\u00e7\u00f5es ou software) apenas para visualiza\u00e7\u00e3o transit\u00f3ria pessoal e n\u00e3o comercial.<sup><\/sup>&nbsp;Sob esta licen\u00e7a, voc\u00ea n\u00e3o pode:&nbsp;&nbsp;&nbsp;<\/p>\n\n\n\n<ul class=\"wp-block-list\">\n<li>Modificar ou copiar os materiais;<\/li>\n\n\n\n<li>Usar os materiais para qualquer finalidade comercial;<\/li>\n\n\n\n<li>Tentar descompilar ou fazer engenharia reversa de qualquer software contido no site;\u00a0\u00a0\u00a0<\/li>\n\n\n\n<li>Remover quaisquer direitos autorais ou nota\u00e7\u00f5es de propriedade.\u00a0\u00a0\u00a0<\/li>\n<\/ul>\n\n\n\n<p id=\"p-c_6e881a9de37f4cca_64d93e8a-b421-4f1b-9e4c-123456789abc-246\"><strong>3. Responsabilidade do Usu\u00e1rio:<\/strong>&nbsp;O usu\u00e1rio \u00e9 inteiramente respons\u00e1vel pelo uso que faz das informa\u00e7\u00f5es aqui contidas e pelo cumprimento das leis locais.<sup><\/sup>&nbsp;Intera\u00e7\u00f5es em \u00e1reas de coment\u00e1rios n\u00e3o devem conter teor ofensivo, discriminat\u00f3rio ou ilegal.<sup><\/sup>&nbsp;&nbsp;&nbsp;<\/p>\n\n\n\n<p id=\"p-c_6e881a9de37f4cca_64d93e8a-b421-4f1b-9e4c-123456789abc-247\"><strong>4. Limita\u00e7\u00f5es:<\/strong>&nbsp;O Motorista.com.br n\u00e3o ser\u00e1 respons\u00e1vel por danos decorrentes do uso ou da incapacidade de usar os materiais em seu site, incluindo perda de dados ou lucros.<sup><\/sup>&nbsp;&nbsp;&nbsp;<\/p>\n\n\n\n<p id=\"p-c_6e881a9de37f4cca_64d93e8a-b421-4f1b-9e4c-123456789abc-241\"><\/p>\n","protected":false},"excerpt":{"rendered":"<p>1. Aceita\u00e7\u00e3o dos Termos:&nbsp;Ao acessar o Motorista.com.br, o usu\u00e1rio concorda em cumprir estes termos de servi\u00e7o e todas as leis aplic\u00e1veis, incluindo o Marco Civil da Internet (Lei n\u00ba 12.965\/2014).&nbsp;&nbsp;&nbsp; 2. Licen\u00e7a de Uso:&nbsp;\u00c9 concedida permiss\u00e3o para baixar temporariamente uma c\u00f3pia dos materiais (informa\u00e7\u00f5es ou software) apenas para visualiza\u00e7\u00e3o transit\u00f3ria pessoal e n\u00e3o comercial.&nbsp;Sob esta &hellip;<\/p>\n","protected":false},"author":1,"featured_media":0,"parent":0,"menu_order":0,"comment_status":"closed","ping_status":"closed","template":"","meta":{"footnotes":""},"coauthors":[31],"class_list":["post-6950","page","type-page","status-publish","hentry"],"yoast_head":"<!-- This site is optimized with the Yoast SEO Premium plugin v25.5 (Yoast SEO v27.4) - https:\/\/yoast.com\/product\/yoast-seo-premium-wordpress\/ -->\n<title>Termos de Uso - Motorista.com.br<\/title>\n<meta name=\"robots\" content=\"index, follow, max-snippet:-1, max-image-preview:large, max-video-preview:-1\" \/>\n<link rel=\"canonical\" href=\"https:\/\/motorista.com.br\/noticias\/termos-de-uso\/\" \/>\n<meta property=\"og:locale\" content=\"pt_BR\" \/>\n<meta property=\"og:type\" content=\"article\" \/>\n<meta property=\"og:title\" content=\"Termos de Uso\" \/>\n<meta property=\"og:description\" content=\"1. Aceita\u00e7\u00e3o dos Termos:&nbsp;Ao acessar o Motorista.com.br, o usu\u00e1rio concorda em cumprir estes termos de servi\u00e7o e todas as leis aplic\u00e1veis, incluindo o Marco Civil da Internet (Lei n\u00ba 12.965\/2014).&nbsp;&nbsp;&nbsp; 2. Licen\u00e7a de Uso:&nbsp;\u00c9 concedida permiss\u00e3o para baixar temporariamente uma c\u00f3pia dos materiais (informa\u00e7\u00f5es ou software) apenas para visualiza\u00e7\u00e3o transit\u00f3ria pessoal e n\u00e3o comercial.&nbsp;Sob esta &hellip;\" \/>\n<meta property=\"og:url\" content=\"https:\/\/motorista.com.br\/noticias\/termos-de-uso\/\" \/>\n<meta property=\"og:site_name\" content=\"Motorista.com.br\" \/>\n<meta property=\"article:modified_time\" content=\"2026-02-12T01:04:52+00:00\" \/>\n<meta name=\"twitter:card\" content=\"summary_large_image\" \/>\n<meta name=\"twitter:label1\" content=\"Est. tempo de leitura\" \/>\n\t<meta name=\"twitter:data1\" content=\"1 minuto\" \/>\n\t<meta name=\"twitter:label2\" content=\"Written by\" \/>\n\t<meta name=\"twitter:data2\" content=\"RAFAELBENTOX\" \/>\n<script type=\"application\/ld+json\" class=\"yoast-schema-graph\">{\"@context\":\"https:\\\/\\\/schema.org\",\"@graph\":[{\"@type\":\"WebPage\",\"@id\":\"https:\\\/\\\/motorista.com.br\\\/noticias\\\/termos-de-uso\\\/\",\"url\":\"https:\\\/\\\/motorista.com.br\\\/noticias\\\/termos-de-uso\\\/\",\"name\":\"Termos de Uso - Motorista.com.br\",\"isPartOf\":{\"@id\":\"https:\\\/\\\/motorista.com.br\\\/noticias\\\/#website\"},\"datePublished\":\"2026-02-12T01:04:50+00:00\",\"dateModified\":\"2026-02-12T01:04:52+00:00\",\"breadcrumb\":{\"@id\":\"https:\\\/\\\/motorista.com.br\\\/noticias\\\/termos-de-uso\\\/#breadcrumb\"},\"inLanguage\":\"pt-BR\",\"potentialAction\":[{\"@type\":\"ReadAction\",\"target\":[\"https:\\\/\\\/motorista.com.br\\\/noticias\\\/termos-de-uso\\\/\"]}]},{\"@type\":\"BreadcrumbList\",\"@id\":\"https:\\\/\\\/motorista.com.br\\\/noticias\\\/termos-de-uso\\\/#breadcrumb\",\"itemListElement\":[{\"@type\":\"ListItem\",\"position\":1,\"name\":\"In\u00edcio\",\"item\":\"https:\\\/\\\/motorista.com.br\\\/noticias\\\/\"},{\"@type\":\"ListItem\",\"position\":2,\"name\":\"Termos de Uso\"}]},{\"@type\":\"WebSite\",\"@id\":\"https:\\\/\\\/motorista.com.br\\\/noticias\\\/#website\",\"url\":\"https:\\\/\\\/motorista.com.br\\\/noticias\\\/\",\"name\":\"Motorista.com.br\",\"description\":\"Not\u00edcia do Motorista\",\"publisher\":{\"@id\":\"https:\\\/\\\/motorista.com.br\\\/noticias\\\/#organization\"},\"potentialAction\":[{\"@type\":\"SearchAction\",\"target\":{\"@type\":\"EntryPoint\",\"urlTemplate\":\"https:\\\/\\\/motorista.com.br\\\/noticias\\\/?s={search_term_string}\"},\"query-input\":{\"@type\":\"PropertyValueSpecification\",\"valueRequired\":true,\"valueName\":\"search_term_string\"}}],\"inLanguage\":\"pt-BR\"},{\"@type\":\"Organization\",\"@id\":\"https:\\\/\\\/motorista.com.br\\\/noticias\\\/#organization\",\"name\":\"Motorista.com.br\",\"url\":\"https:\\\/\\\/motorista.com.br\\\/noticias\\\/\",\"logo\":{\"@type\":\"ImageObject\",\"inLanguage\":\"pt-BR\",\"@id\":\"https:\\\/\\\/motorista.com.br\\\/noticias\\\/#\\\/schema\\\/logo\\\/image\\\/\",\"url\":\"https:\\\/\\\/motorista.com.br\\\/noticias\\\/wp-content\\\/uploads\\\/2025\\\/06\\\/Design-sem-nome-9.png\",\"contentUrl\":\"https:\\\/\\\/motorista.com.br\\\/noticias\\\/wp-content\\\/uploads\\\/2025\\\/06\\\/Design-sem-nome-9.png\",\"width\":150,\"height\":85,\"caption\":\"Motorista.com.br\"},\"image\":{\"@id\":\"https:\\\/\\\/motorista.com.br\\\/noticias\\\/#\\\/schema\\\/logo\\\/image\\\/\"}}]}<\/script>\n<!-- \/ Yoast SEO Premium plugin. -->","yoast_head_json":{"title":"Termos de Uso - Motorista.com.br","robots":{"index":"index","follow":"follow","max-snippet":"max-snippet:-1","max-image-preview":"max-image-preview:large","max-video-preview":"max-video-preview:-1"},"canonical":"https:\/\/motorista.com.br\/noticias\/termos-de-uso\/","og_locale":"pt_BR","og_type":"article","og_title":"Termos de Uso","og_description":"1. Aceita\u00e7\u00e3o dos Termos:&nbsp;Ao acessar o Motorista.com.br, o usu\u00e1rio concorda em cumprir estes termos de servi\u00e7o e todas as leis aplic\u00e1veis, incluindo o Marco Civil da Internet (Lei n\u00ba 12.965\/2014).&nbsp;&nbsp;&nbsp; 2. Licen\u00e7a de Uso:&nbsp;\u00c9 concedida permiss\u00e3o para baixar temporariamente uma c\u00f3pia dos materiais (informa\u00e7\u00f5es ou software) apenas para visualiza\u00e7\u00e3o transit\u00f3ria pessoal e n\u00e3o comercial.&nbsp;Sob esta &hellip;","og_url":"https:\/\/motorista.com.br\/noticias\/termos-de-uso\/","og_site_name":"Motorista.com.br","article_modified_time":"2026-02-12T01:04:52+00:00","twitter_card":"summary_large_image","twitter_misc":{"Est. tempo de leitura":"1 minuto","Written by":"RAFAELBENTOX"},"schema":{"@context":"https:\/\/schema.org","@graph":[{"@type":"WebPage","@id":"https:\/\/motorista.com.br\/noticias\/termos-de-uso\/","url":"https:\/\/motorista.com.br\/noticias\/termos-de-uso\/","name":"Termos de Uso - Motorista.com.br","isPartOf":{"@id":"https:\/\/motorista.com.br\/noticias\/#website"},"datePublished":"2026-02-12T01:04:50+00:00","dateModified":"2026-02-12T01:04:52+00:00","breadcrumb":{"@id":"https:\/\/motorista.com.br\/noticias\/termos-de-uso\/#breadcrumb"},"inLanguage":"pt-BR","potentialAction":[{"@type":"ReadAction","target":["https:\/\/motorista.com.br\/noticias\/termos-de-uso\/"]}]},{"@type":"BreadcrumbList","@id":"https:\/\/motorista.com.br\/noticias\/termos-de-uso\/#breadcrumb","itemListElement":[{"@type":"ListItem","position":1,"name":"In\u00edcio","item":"https:\/\/motorista.com.br\/noticias\/"},{"@type":"ListItem","position":2,"name":"Termos de Uso"}]},{"@type":"WebSite","@id":"https:\/\/motorista.com.br\/noticias\/#website","url":"https:\/\/motorista.com.br\/noticias\/","name":"Motorista.com.br","description":"Not\u00edcia do Motorista","publisher":{"@id":"https:\/\/motorista.com.br\/noticias\/#organization"},"potentialAction":[{"@type":"SearchAction","target":{"@type":"EntryPoint","urlTemplate":"https:\/\/motorista.com.br\/noticias\/?s={search_term_string}"},"query-input":{"@type":"PropertyValueSpecification","valueRequired":true,"valueName":"search_term_string"}}],"inLanguage":"pt-BR"},{"@type":"Organization","@id":"https:\/\/motorista.com.br\/noticias\/#organization","name":"Motorista.com.br","url":"https:\/\/motorista.com.br\/noticias\/","logo":{"@type":"ImageObject","inLanguage":"pt-BR","@id":"https:\/\/motorista.com.br\/noticias\/#\/schema\/logo\/image\/","url":"https:\/\/motorista.com.br\/noticias\/wp-content\/uploads\/2025\/06\/Design-sem-nome-9.png","contentUrl":"https:\/\/motorista.com.br\/noticias\/wp-content\/uploads\/2025\/06\/Design-sem-nome-9.png","width":150,"height":85,"caption":"Motorista.com.br"},"image":{"@id":"https:\/\/motorista.com.br\/noticias\/#\/schema\/logo\/image\/"}}]}},"_links":{"self":[{"href":"https:\/\/motorista.com.br\/noticias\/wp-json\/wp\/v2\/pages\/6950","targetHints":{"allow":["GET"]}}],"collection":[{"href":"https:\/\/motorista.com.br\/noticias\/wp-json\/wp\/v2\/pages"}],"about":[{"href":"https:\/\/motorista.com.br\/noticias\/wp-json\/wp\/v2\/types\/page"}],"author":[{"embeddable":true,"href":"https:\/\/motorista.com.br\/noticias\/wp-json\/wp\/v2\/users\/1"}],"replies":[{"embeddable":true,"href":"https:\/\/motorista.com.br\/noticias\/wp-json\/wp\/v2\/comments?post=6950"}],"version-history":[{"count":1,"href":"https:\/\/motorista.com.br\/noticias\/wp-json\/wp\/v2\/pages\/6950\/revisions"}],"predecessor-version":[{"id":6951,"href":"https:\/\/motorista.com.br\/noticias\/wp-json\/wp\/v2\/pages\/6950\/revisions\/6951"}],"wp:attachment":[{"href":"https:\/\/motorista.com.br\/noticias\/wp-json\/wp\/v2\/media?parent=6950"}],"wp:term":[{"taxonomy":"author","embeddable":true,"href":"https:\/\/motorista.com.br\/noticias\/wp-json\/wp\/v2\/coauthors?post=6950"}],"curies":[{"name":"wp","href":"https:\/\/api.w.org\/{rel}","templated":true}]}}