{"id":1391,"date":"2025-07-13T23:01:45","date_gmt":"2025-07-13T23:01:45","guid":{"rendered":"https:\/\/motorista.com.br\/noticias\/?page_id=1391"},"modified":"2026-02-11T22:01:05","modified_gmt":"2026-02-12T01:01:05","slug":"sobre-nos","status":"publish","type":"page","link":"https:\/\/motorista.com.br\/noticias\/sobre-nos\/","title":{"rendered":"Sobre N\u00f3s"},"content":{"rendered":"\n<p><strong>T\u00edtulo Sugerido: Motorista.com.br \u2014 A Voz de Quem Move o Brasil<\/strong><\/p>\n\n\n\n<p id=\"p-c_6e881a9de37f4cca_64d93e8a-b421-4f1b-9e4c-123456789abc-237\"><strong>Miss\u00e3o Editorial:<\/strong>\u00a0O Motorista.com.br nasceu com o prop\u00f3sito de ser o hub definitivo de informa\u00e7\u00e3o para os profissionais da estrada, gestores de log\u00edstica e motoristas de aplicativo.\u00a0Em um setor que n\u00e3o para, nossa miss\u00e3o \u00e9 entregar atualiza\u00e7\u00f5es em tempo real sobre o que realmente impacta o dia a dia de quem vive do volante.<\/p>\n\n\n\n<p><strong>O Que Fazemos:<\/strong>&nbsp;Atuamos como um elo entre o mercado e o motorista, oferecendo:<\/p>\n\n\n\n<ul class=\"wp-block-list\">\n<li><strong>Not\u00edcias T\u00e9cnicas:<\/strong>\u00a0Cobertura de legisla\u00e7\u00e3o, reforma tribut\u00e1ria e economia voltada ao transporte.\u00a0\u00a0\u00a0<\/li>\n\n\n\n<li><strong>Suporte Profissional:<\/strong>\u00a0Divulga\u00e7\u00e3o de vagas de emprego e guias para a formaliza\u00e7\u00e3o (MEI).<\/li>\n\n\n\n<li><strong>Inova\u00e7\u00e3o e Tecnologia:<\/strong>\u00a0Testes de novos ve\u00edculos e tend\u00eancias em telemetria e frotas el\u00e9tricas.\u00a0\u00a0\u00a0<\/li>\n\n\n\n<li><strong>Bem-estar:<\/strong>\u00a0Espa\u00e7o dedicado \u00e0 sa\u00fade mental e qualidade de vida do motorista.\u00a0\u00a0\u00a0<\/li>\n<\/ul>\n\n\n\n<p id=\"p-c_6e881a9de37f4cca_64d93e8a-b421-4f1b-9e4c-123456789abc-241\">Inspirados pela tradi\u00e7\u00e3o de d\u00e9cadas do setor e pela agilidade da era digital, o Motorista.com.br \u00e9 mais do que um site; \u00e9 uma ferramenta de trabalho essencial para o profissional moderno.<sup><\/sup>&nbsp;&nbsp;&nbsp;<\/p>\n","protected":false},"excerpt":{"rendered":"<p>T\u00edtulo Sugerido: Motorista.com.br \u2014 A Voz de Quem Move o Brasil Miss\u00e3o Editorial:\u00a0O Motorista.com.br nasceu com o prop\u00f3sito de ser o hub definitivo de informa\u00e7\u00e3o para os profissionais da estrada, gestores de log\u00edstica e motoristas de aplicativo.\u00a0Em um setor que n\u00e3o para, nossa miss\u00e3o \u00e9 entregar atualiza\u00e7\u00f5es em tempo real sobre o que realmente impacta &hellip;<\/p>\n","protected":false},"author":1,"featured_media":0,"parent":0,"menu_order":0,"comment_status":"closed","ping_status":"closed","template":"","meta":{"footnotes":""},"coauthors":[31],"class_list":["post-1391","page","type-page","status-publish","hentry"],"yoast_head":"<!-- This site is optimized with the Yoast SEO Premium plugin v25.5 (Yoast SEO v27.4) - https:\/\/yoast.com\/product\/yoast-seo-premium-wordpress\/ -->\n<title>Sobre N\u00f3s - Motorista.com.br<\/title>\n<meta name=\"robots\" content=\"index, follow, max-snippet:-1, max-image-preview:large, max-video-preview:-1\" \/>\n<link rel=\"canonical\" href=\"https:\/\/motorista.com.br\/noticias\/sobre-nos\/\" \/>\n<meta property=\"og:locale\" content=\"pt_BR\" \/>\n<meta property=\"og:type\" content=\"article\" \/>\n<meta property=\"og:title\" content=\"Sobre N\u00f3s\" \/>\n<meta property=\"og:description\" content=\"T\u00edtulo Sugerido: Motorista.com.br \u2014 A Voz de Quem Move o Brasil Miss\u00e3o Editorial:\u00a0O Motorista.com.br nasceu com o prop\u00f3sito de ser o hub definitivo de informa\u00e7\u00e3o para os profissionais da estrada, gestores de log\u00edstica e motoristas de aplicativo.\u00a0Em um setor que n\u00e3o para, nossa miss\u00e3o \u00e9 entregar atualiza\u00e7\u00f5es em tempo real sobre o que realmente impacta &hellip;\" \/>\n<meta property=\"og:url\" content=\"https:\/\/motorista.com.br\/noticias\/sobre-nos\/\" \/>\n<meta property=\"og:site_name\" content=\"Motorista.com.br\" \/>\n<meta property=\"article:modified_time\" content=\"2026-02-12T01:01:05+00:00\" \/>\n<meta name=\"twitter:card\" content=\"summary_large_image\" \/>\n<meta name=\"twitter:label1\" content=\"Est. tempo de leitura\" \/>\n\t<meta name=\"twitter:data1\" content=\"1 minuto\" \/>\n\t<meta name=\"twitter:label2\" content=\"Written by\" \/>\n\t<meta name=\"twitter:data2\" content=\"RAFAELBENTOX\" \/>\n<script type=\"application\/ld+json\" class=\"yoast-schema-graph\">{\"@context\":\"https:\\\/\\\/schema.org\",\"@graph\":[{\"@type\":\"WebPage\",\"@id\":\"https:\\\/\\\/motorista.com.br\\\/noticias\\\/sobre-nos\\\/\",\"url\":\"https:\\\/\\\/motorista.com.br\\\/noticias\\\/sobre-nos\\\/\",\"name\":\"Sobre N\u00f3s - Motorista.com.br\",\"isPartOf\":{\"@id\":\"https:\\\/\\\/motorista.com.br\\\/noticias\\\/#website\"},\"datePublished\":\"2025-07-13T23:01:45+00:00\",\"dateModified\":\"2026-02-12T01:01:05+00:00\",\"breadcrumb\":{\"@id\":\"https:\\\/\\\/motorista.com.br\\\/noticias\\\/sobre-nos\\\/#breadcrumb\"},\"inLanguage\":\"pt-BR\",\"potentialAction\":[{\"@type\":\"ReadAction\",\"target\":[\"https:\\\/\\\/motorista.com.br\\\/noticias\\\/sobre-nos\\\/\"]}]},{\"@type\":\"BreadcrumbList\",\"@id\":\"https:\\\/\\\/motorista.com.br\\\/noticias\\\/sobre-nos\\\/#breadcrumb\",\"itemListElement\":[{\"@type\":\"ListItem\",\"position\":1,\"name\":\"In\u00edcio\",\"item\":\"https:\\\/\\\/motorista.com.br\\\/noticias\\\/\"},{\"@type\":\"ListItem\",\"position\":2,\"name\":\"Sobre N\u00f3s\"}]},{\"@type\":\"WebSite\",\"@id\":\"https:\\\/\\\/motorista.com.br\\\/noticias\\\/#website\",\"url\":\"https:\\\/\\\/motorista.com.br\\\/noticias\\\/\",\"name\":\"Motorista.com.br\",\"description\":\"Not\u00edcia do Motorista\",\"publisher\":{\"@id\":\"https:\\\/\\\/motorista.com.br\\\/noticias\\\/#organization\"},\"potentialAction\":[{\"@type\":\"SearchAction\",\"target\":{\"@type\":\"EntryPoint\",\"urlTemplate\":\"https:\\\/\\\/motorista.com.br\\\/noticias\\\/?s={search_term_string}\"},\"query-input\":{\"@type\":\"PropertyValueSpecification\",\"valueRequired\":true,\"valueName\":\"search_term_string\"}}],\"inLanguage\":\"pt-BR\"},{\"@type\":\"Organization\",\"@id\":\"https:\\\/\\\/motorista.com.br\\\/noticias\\\/#organization\",\"name\":\"Motorista.com.br\",\"url\":\"https:\\\/\\\/motorista.com.br\\\/noticias\\\/\",\"logo\":{\"@type\":\"ImageObject\",\"inLanguage\":\"pt-BR\",\"@id\":\"https:\\\/\\\/motorista.com.br\\\/noticias\\\/#\\\/schema\\\/logo\\\/image\\\/\",\"url\":\"https:\\\/\\\/motorista.com.br\\\/noticias\\\/wp-content\\\/uploads\\\/2025\\\/06\\\/Design-sem-nome-9.png\",\"contentUrl\":\"https:\\\/\\\/motorista.com.br\\\/noticias\\\/wp-content\\\/uploads\\\/2025\\\/06\\\/Design-sem-nome-9.png\",\"width\":150,\"height\":85,\"caption\":\"Motorista.com.br\"},\"image\":{\"@id\":\"https:\\\/\\\/motorista.com.br\\\/noticias\\\/#\\\/schema\\\/logo\\\/image\\\/\"}}]}<\/script>\n<!-- \/ Yoast SEO Premium plugin. -->","yoast_head_json":{"title":"Sobre N\u00f3s - Motorista.com.br","robots":{"index":"index","follow":"follow","max-snippet":"max-snippet:-1","max-image-preview":"max-image-preview:large","max-video-preview":"max-video-preview:-1"},"canonical":"https:\/\/motorista.com.br\/noticias\/sobre-nos\/","og_locale":"pt_BR","og_type":"article","og_title":"Sobre N\u00f3s","og_description":"T\u00edtulo Sugerido: Motorista.com.br \u2014 A Voz de Quem Move o Brasil Miss\u00e3o Editorial:\u00a0O Motorista.com.br nasceu com o prop\u00f3sito de ser o hub definitivo de informa\u00e7\u00e3o para os profissionais da estrada, gestores de log\u00edstica e motoristas de aplicativo.\u00a0Em um setor que n\u00e3o para, nossa miss\u00e3o \u00e9 entregar atualiza\u00e7\u00f5es em tempo real sobre o que realmente impacta &hellip;","og_url":"https:\/\/motorista.com.br\/noticias\/sobre-nos\/","og_site_name":"Motorista.com.br","article_modified_time":"2026-02-12T01:01:05+00:00","twitter_card":"summary_large_image","twitter_misc":{"Est. tempo de leitura":"1 minuto","Written by":"RAFAELBENTOX"},"schema":{"@context":"https:\/\/schema.org","@graph":[{"@type":"WebPage","@id":"https:\/\/motorista.com.br\/noticias\/sobre-nos\/","url":"https:\/\/motorista.com.br\/noticias\/sobre-nos\/","name":"Sobre N\u00f3s - Motorista.com.br","isPartOf":{"@id":"https:\/\/motorista.com.br\/noticias\/#website"},"datePublished":"2025-07-13T23:01:45+00:00","dateModified":"2026-02-12T01:01:05+00:00","breadcrumb":{"@id":"https:\/\/motorista.com.br\/noticias\/sobre-nos\/#breadcrumb"},"inLanguage":"pt-BR","potentialAction":[{"@type":"ReadAction","target":["https:\/\/motorista.com.br\/noticias\/sobre-nos\/"]}]},{"@type":"BreadcrumbList","@id":"https:\/\/motorista.com.br\/noticias\/sobre-nos\/#breadcrumb","itemListElement":[{"@type":"ListItem","position":1,"name":"In\u00edcio","item":"https:\/\/motorista.com.br\/noticias\/"},{"@type":"ListItem","position":2,"name":"Sobre N\u00f3s"}]},{"@type":"WebSite","@id":"https:\/\/motorista.com.br\/noticias\/#website","url":"https:\/\/motorista.com.br\/noticias\/","name":"Motorista.com.br","description":"Not\u00edcia do Motorista","publisher":{"@id":"https:\/\/motorista.com.br\/noticias\/#organization"},"potentialAction":[{"@type":"SearchAction","target":{"@type":"EntryPoint","urlTemplate":"https:\/\/motorista.com.br\/noticias\/?s={search_term_string}"},"query-input":{"@type":"PropertyValueSpecification","valueRequired":true,"valueName":"search_term_string"}}],"inLanguage":"pt-BR"},{"@type":"Organization","@id":"https:\/\/motorista.com.br\/noticias\/#organization","name":"Motorista.com.br","url":"https:\/\/motorista.com.br\/noticias\/","logo":{"@type":"ImageObject","inLanguage":"pt-BR","@id":"https:\/\/motorista.com.br\/noticias\/#\/schema\/logo\/image\/","url":"https:\/\/motorista.com.br\/noticias\/wp-content\/uploads\/2025\/06\/Design-sem-nome-9.png","contentUrl":"https:\/\/motorista.com.br\/noticias\/wp-content\/uploads\/2025\/06\/Design-sem-nome-9.png","width":150,"height":85,"caption":"Motorista.com.br"},"image":{"@id":"https:\/\/motorista.com.br\/noticias\/#\/schema\/logo\/image\/"}}]}},"_links":{"self":[{"href":"https:\/\/motorista.com.br\/noticias\/wp-json\/wp\/v2\/pages\/1391","targetHints":{"allow":["GET"]}}],"collection":[{"href":"https:\/\/motorista.com.br\/noticias\/wp-json\/wp\/v2\/pages"}],"about":[{"href":"https:\/\/motorista.com.br\/noticias\/wp-json\/wp\/v2\/types\/page"}],"author":[{"embeddable":true,"href":"https:\/\/motorista.com.br\/noticias\/wp-json\/wp\/v2\/users\/1"}],"replies":[{"embeddable":true,"href":"https:\/\/motorista.com.br\/noticias\/wp-json\/wp\/v2\/comments?post=1391"}],"version-history":[{"count":2,"href":"https:\/\/motorista.com.br\/noticias\/wp-json\/wp\/v2\/pages\/1391\/revisions"}],"predecessor-version":[{"id":6943,"href":"https:\/\/motorista.com.br\/noticias\/wp-json\/wp\/v2\/pages\/1391\/revisions\/6943"}],"wp:attachment":[{"href":"https:\/\/motorista.com.br\/noticias\/wp-json\/wp\/v2\/media?parent=1391"}],"wp:term":[{"taxonomy":"author","embeddable":true,"href":"https:\/\/motorista.com.br\/noticias\/wp-json\/wp\/v2\/coauthors?post=1391"}],"curies":[{"name":"wp","href":"https:\/\/api.w.org\/{rel}","templated":true}]}}